{"id":656,"date":"2022-09-07T00:46:06","date_gmt":"2022-09-07T05:46:06","guid":{"rendered":"https:\/\/archive2.rqcalacs.qc.ca\/un-enjeu-social\/"},"modified":"2024-05-28T12:52:58","modified_gmt":"2024-05-28T17:52:58","slug":"un-enjeu-social","status":"publish","type":"page","link":"https:\/\/archive2.rqcalacs.qc.ca\/en\/un-enjeu-social\/","title":{"rendered":"A social issue"},"content":{"rendered":"\n<p>Commettre une agression sexuelle, c\u2019est imposer des attitudes, des paroles et des gestes \u00e0 connotation sexuelle contre la volont\u00e9 d\u2019une personne, et ce, en utilisant l\u2019intimidation, la menace, le chantage, la violence verbale, physique et psychologique.<\/p>\n\n<p>Il ne s'agit pas d\u2019un probl\u00e8me individuel, mais d\u2019un probl\u00e8me de soci\u00e9t\u00e9 plus large qui prend racine dans des rapports d\u2019in\u00e9galit\u00e9s.<\/p>\n\n<p>L\u2019agression \u00e0 caract\u00e8re sexuel est un acte de domination, d\u2019humiliation, d\u2019abus de pouvoir, de violence, principalement commis envers les femmes et les enfants.<\/p>\n\n<p>Il y a une intersection entre le patriarcat et d\u2019autres contextes d\u2019oppression, de discrimination et d\u2019exclusion \u2013 tels que le racisme, le n\u00e9ocolonialisme, le capitalisme, l\u2019h\u00e9t\u00e9rosexisme, le capacitisme, l\u2019\u00e2gisme et le classisme \u2013 qui est propice \u00e0 l\u2019exploitation et qui favorise les agressions \u00e0 caract\u00e8re sexuel.<\/p>\n\n<p>Ces syst\u00e8mes d\u2019oppression, de discrimination et d\u2019exclusion agissent simultan\u00e9ment les uns sur les autres, contribuant \u00e0 l\u2019isolement politique, \u00e9conomique, social, psychologique et g\u00e9ographique des femmes et emp\u00eachant leur pleine participation \u00e0 la soci\u00e9t\u00e9.<\/p>\n\n<h3 class=\"wp-block-heading\">CONS\u00c9QUENCES<\/h3>\n\n<p>Les agressions \u00e0 caract\u00e8re sexuel peuvent entra\u00eener d\u2019importantes s\u00e9quelles sur l\u2019int\u00e9grit\u00e9 physique, le bien-\u00eatre psychologique et la s\u00e9curit\u00e9 \u00e9conomique des personnes victimes et survivantes. Celles-ci peuvent vivre de la honte, de la culpabilit\u00e9, un stress post-traumatique et de l\u2019isolement. Ces sympt\u00f4mes se r\u00e9percutent souvent sur divers pans de leur vie et sur leur entourage.<\/p>\n","protected":false},"excerpt":{"rendered":"<p>Commettre une agression sexuelle, c\u2019est imposer des attitudes, des paroles et des gestes \u00e0 connotation sexuelle contre la volont\u00e9 d\u2019une<a class=\"excerpt-read-more\" href=\"https:\/\/archive2.rqcalacs.qc.ca\/en\/un-enjeu-social\/\" title=\"ReadA social issue\">... Read more &raquo;<\/a><\/p>\n","protected":false},"author":1,"featured_media":0,"parent":0,"menu_order":12,"comment_status":"closed","ping_status":"closed","template":"template-acs.php","meta":{"_acf_changed":false,"footnotes":""},"class_list":["post-656","page","type-page","status-publish","hentry"],"acf":[],"jetpack_sharing_enabled":true,"_links":{"self":[{"href":"https:\/\/archive2.rqcalacs.qc.ca\/en\/wp-json\/wp\/v2\/pages\/656","targetHints":{"allow":["GET"]}}],"collection":[{"href":"https:\/\/archive2.rqcalacs.qc.ca\/en\/wp-json\/wp\/v2\/pages"}],"about":[{"href":"https:\/\/archive2.rqcalacs.qc.ca\/en\/wp-json\/wp\/v2\/types\/page"}],"author":[{"embeddable":true,"href":"https:\/\/archive2.rqcalacs.qc.ca\/en\/wp-json\/wp\/v2\/users\/1"}],"replies":[{"embeddable":true,"href":"https:\/\/archive2.rqcalacs.qc.ca\/en\/wp-json\/wp\/v2\/comments?post=656"}],"version-history":[{"count":11,"href":"https:\/\/archive2.rqcalacs.qc.ca\/en\/wp-json\/wp\/v2\/pages\/656\/revisions"}],"predecessor-version":[{"id":1605,"href":"https:\/\/archive2.rqcalacs.qc.ca\/en\/wp-json\/wp\/v2\/pages\/656\/revisions\/1605"}],"wp:attachment":[{"href":"https:\/\/archive2.rqcalacs.qc.ca\/en\/wp-json\/wp\/v2\/media?parent=656"}],"curies":[{"name":"wp","href":"https:\/\/api.w.org\/{rel}","templated":true}]}}