{"id":741,"date":"2023-03-21T15:02:32","date_gmt":"2023-03-21T20:02:32","guid":{"rendered":"https:\/\/archive2.rqcalacs.qc.ca\/?page_id=741"},"modified":"2024-05-28T12:52:58","modified_gmt":"2024-05-28T17:52:58","slug":"helpful-attitudes","status":"publish","type":"page","link":"https:\/\/archive2.rqcalacs.qc.ca\/en\/helpful-attitudes\/","title":{"rendered":"Helpful attitudes"},"content":{"rendered":"\n<p>Pour les personnes ayant subi des agressions \u00e0 caract\u00e8re sexuel, il peut \u00eatre difficile d\u2019en parler. Elles peuvent se demander : <em>\u00ab Est-ce qu\u2019on va croire mon histoire ? \u00c0 qui dois-je en parler ? Que va-t-il arriver si j\u2019en parle ? \u00bb<\/em><\/p>\n\n<p>Plusieurs raisons contribuent au silence des personnes victimes et survivantes : les mythes et les pr\u00e9jug\u00e9s, la crainte des repr\u00e9sailles, l'isolement, le fait d\u2019avoir des sentiments confus \u00e0 l\u2019\u00e9gard de l\u2019agresseur, la crainte des d\u00e9marches judiciaires, la peur de perturber la vie de ses proches et l\u2019impression d\u2019\u00eatre responsable de l\u2019\u00e9v\u00e9nement.<\/p>\n\n<p>Il n\u2019est pas facile d\u2019aider une personne qui a subi une agression \u00e0 caract\u00e8re sexuel. Quand on re\u00e7oit ce genre de confidence, il faut \u00eatre \u00e0 l\u2019aff\u00fbt de ses r\u00e9actions et de celles de la personne qui s\u2019ouvre \u00e0 nous avant d\u2019\u00e9mettre un jugement ou d\u2019entreprendre une action.<\/p>\n","protected":false},"excerpt":{"rendered":"<p>Pour les personnes ayant subi des agressions \u00e0 caract\u00e8re sexuel, il peut \u00eatre difficile d\u2019en parler. Elles peuvent se demander<a class=\"excerpt-read-more\" href=\"https:\/\/archive2.rqcalacs.qc.ca\/en\/helpful-attitudes\/\" title=\"ReadHelpful attitudes\">... Read more &raquo;<\/a><\/p>\n","protected":false},"author":2,"featured_media":0,"parent":0,"menu_order":14,"comment_status":"closed","ping_status":"closed","template":"template-acs.php","meta":{"_acf_changed":false,"footnotes":""},"class_list":["post-741","page","type-page","status-publish","hentry"],"acf":[],"jetpack_sharing_enabled":true,"_links":{"self":[{"href":"https:\/\/archive2.rqcalacs.qc.ca\/en\/wp-json\/wp\/v2\/pages\/741","targetHints":{"allow":["GET"]}}],"collection":[{"href":"https:\/\/archive2.rqcalacs.qc.ca\/en\/wp-json\/wp\/v2\/pages"}],"about":[{"href":"https:\/\/archive2.rqcalacs.qc.ca\/en\/wp-json\/wp\/v2\/types\/page"}],"author":[{"embeddable":true,"href":"https:\/\/archive2.rqcalacs.qc.ca\/en\/wp-json\/wp\/v2\/users\/2"}],"replies":[{"embeddable":true,"href":"https:\/\/archive2.rqcalacs.qc.ca\/en\/wp-json\/wp\/v2\/comments?post=741"}],"version-history":[{"count":9,"href":"https:\/\/archive2.rqcalacs.qc.ca\/en\/wp-json\/wp\/v2\/pages\/741\/revisions"}],"predecessor-version":[{"id":1614,"href":"https:\/\/archive2.rqcalacs.qc.ca\/en\/wp-json\/wp\/v2\/pages\/741\/revisions\/1614"}],"wp:attachment":[{"href":"https:\/\/archive2.rqcalacs.qc.ca\/en\/wp-json\/wp\/v2\/media?parent=741"}],"curies":[{"name":"wp","href":"https:\/\/api.w.org\/{rel}","templated":true}]}}