{"id":768,"date":"2023-03-22T10:06:40","date_gmt":"2023-03-22T15:06:40","guid":{"rendered":"https:\/\/archive2.rqcalacs.qc.ca\/?page_id=768"},"modified":"2024-06-29T13:29:52","modified_gmt":"2024-06-29T17:29:52","slug":"myths-or-fact","status":"publish","type":"page","link":"https:\/\/archive2.rqcalacs.qc.ca\/en\/myths-or-fact\/","title":{"rendered":"Myths or Fact?"},"content":{"rendered":"\n<p>Encore aujourd\u2019hui, les mythes et pr\u00e9jug\u00e9s sur les agressions \u00e0 caract\u00e8re sexuel sont nombreux.<\/p>\n","protected":false},"excerpt":{"rendered":"<p>Encore aujourd\u2019hui, les mythes et pr\u00e9jug\u00e9s sur les agressions \u00e0 caract\u00e8re sexuel sont nombreux.<\/p>\n","protected":false},"author":2,"featured_media":0,"parent":0,"menu_order":15,"comment_status":"closed","ping_status":"closed","template":"template-acs.php","meta":{"_acf_changed":false,"footnotes":""},"class_list":["post-768","page","type-page","status-publish","hentry"],"acf":[],"jetpack_sharing_enabled":true,"_links":{"self":[{"href":"https:\/\/archive2.rqcalacs.qc.ca\/en\/wp-json\/wp\/v2\/pages\/768","targetHints":{"allow":["GET"]}}],"collection":[{"href":"https:\/\/archive2.rqcalacs.qc.ca\/en\/wp-json\/wp\/v2\/pages"}],"about":[{"href":"https:\/\/archive2.rqcalacs.qc.ca\/en\/wp-json\/wp\/v2\/types\/page"}],"author":[{"embeddable":true,"href":"https:\/\/archive2.rqcalacs.qc.ca\/en\/wp-json\/wp\/v2\/users\/2"}],"replies":[{"embeddable":true,"href":"https:\/\/archive2.rqcalacs.qc.ca\/en\/wp-json\/wp\/v2\/comments?post=768"}],"version-history":[{"count":5,"href":"https:\/\/archive2.rqcalacs.qc.ca\/en\/wp-json\/wp\/v2\/pages\/768\/revisions"}],"predecessor-version":[{"id":2513,"href":"https:\/\/archive2.rqcalacs.qc.ca\/en\/wp-json\/wp\/v2\/pages\/768\/revisions\/2513"}],"wp:attachment":[{"href":"https:\/\/archive2.rqcalacs.qc.ca\/en\/wp-json\/wp\/v2\/media?parent=768"}],"curies":[{"name":"wp","href":"https:\/\/api.w.org\/{rel}","templated":true}]}}